{"id":25397,"date":"2021-04-18T16:05:41","date_gmt":"2021-04-18T16:05:41","guid":{"rendered":"https:\/\/estx.io\/quienes-somos\/"},"modified":"2024-10-14T12:36:42","modified_gmt":"2024-10-14T12:36:42","slug":"quienes-somos","status":"publish","type":"page","link":"https:\/\/estx.io\/es\/quienes-somos\/","title":{"rendered":"Qui\u00e9nes Somos"},"content":{"rendered":"\t\t<div data-elementor-type=\"wp-page\" data-elementor-id=\"25397\" class=\"elementor elementor-25397 elementor-511\" data-elementor-post-type=\"page\">\n\t\t\t\t\t\t<section class=\"elementor-section elementor-top-section elementor-element elementor-element-42dff311 elementor-section-height-min-height elementor-section-boxed elementor-section-height-default elementor-section-items-middle\" data-id=\"42dff311\" data-element_type=\"section\" data-e-type=\"section\" data-settings=\"{&quot;background_background&quot;:&quot;classic&quot;}\">\n\t\t\t\t\t\t\t<div class=\"elementor-background-overlay\"><\/div>\n\t\t\t\t\t\t\t<div class=\"elementor-container elementor-column-gap-default\">\n\t\t\t\t\t<div class=\"elementor-column elementor-col-100 elementor-top-column elementor-element elementor-element-26018241\" data-id=\"26018241\" data-element_type=\"column\" data-e-type=\"column\">\n\t\t\t<div class=\"elementor-widget-wrap elementor-element-populated\">\n\t\t\t\t\t\t<div class=\"elementor-element elementor-element-eae112f elementor-hidden-desktop elementor-hidden-tablet elementor-widget elementor-widget-heading\" data-id=\"eae112f\" data-element_type=\"widget\" data-e-type=\"widget\" data-widget_type=\"heading.default\">\n\t\t\t\t\t<h2 class=\"elementor-heading-title elementor-size-default\">Create Innovative Solutions with estx<\/h2>\t\t\t\t<\/div>\n\t\t\t\t\t<\/div>\n\t\t<\/div>\n\t\t\t\t\t<\/div>\n\t\t<\/section>\n\t\t\t\t<section class=\"elementor-section elementor-top-section elementor-element elementor-element-261b19ff elementor-section-boxed elementor-section-height-default elementor-section-height-default\" data-id=\"261b19ff\" data-element_type=\"section\" data-e-type=\"section\">\n\t\t\t\t\t\t<div class=\"elementor-container elementor-column-gap-default\">\n\t\t\t\t\t<div class=\"elementor-column elementor-col-100 elementor-top-column elementor-element elementor-element-7e1f2837\" data-id=\"7e1f2837\" data-element_type=\"column\" data-e-type=\"column\">\n\t\t\t<div class=\"elementor-widget-wrap elementor-element-populated\">\n\t\t\t\t\t\t<div class=\"elementor-element elementor-element-79774ff8 elementor-hidden-mobile elementor-widget elementor-widget-heading\" data-id=\"79774ff8\" data-element_type=\"widget\" data-e-type=\"widget\" data-widget_type=\"heading.default\">\n\t\t\t\t\t<h2 class=\"elementor-heading-title elementor-size-default\">\u00a1Estx crea y gestiona tu empresa digital en Estonia!<br>\n\n<\/h2>\t\t\t\t<\/div>\n\t\t\t\t<div class=\"elementor-element elementor-element-a153260 elementor-hidden-desktop elementor-hidden-tablet elementor-widget elementor-widget-heading\" data-id=\"a153260\" data-element_type=\"widget\" data-e-type=\"widget\" data-widget_type=\"heading.default\">\n\t\t\t\t\t<h2 class=\"elementor-heading-title elementor-size-default\">\u00a1Estx crea una empresa digital a cada e-Residente de Estonia! <\/h2>\t\t\t\t<\/div>\n\t\t\t\t<div class=\"elementor-element elementor-element-5caebe08 elementor-hidden-mobile elementor-widget elementor-widget-text-editor\" data-id=\"5caebe08\" data-element_type=\"widget\" data-e-type=\"widget\" data-widget_type=\"text-editor.default\">\n\t\t\t\t\t\t\t\t\t<p>estx no es un simple proveedor de servicios, somos tu socio en tu viaje a un futuro digital. Nuestra misi\u00f3n es trabajar con personas reales con proyectos \u00fanicos. \u00a1Con Estx nunca caminar\u00e1s solo, trabajamos mano a mano con cada emprendedor y a la medida de sus necesidades!<\/p><p>Esto es lo que nos distingue en el mercado: el toque humano, la conexi\u00f3n personal y el compromiso con el \u00e9xito de cada e-residente emprendedor, independientemente de en qu\u00e9 parte del mundo se encuentre.<\/p>\t\t\t\t\t\t\t\t<\/div>\n\t\t\t\t<div class=\"elementor-element elementor-element-c596d57 elementor-hidden-desktop elementor-hidden-tablet elementor-widget elementor-widget-text-editor\" data-id=\"c596d57\" data-element_type=\"widget\" data-e-type=\"widget\" data-widget_type=\"text-editor.default\">\n\t\t\t\t\t\t\t\t\t<p>estx no es un simple proveedor de servicios, somos tu socio en tu viaje a un futuro digital. Nuestra misi\u00f3n es trabajar con personas reales con proyectos \u00fanicos. \u00a1Con Estx nunca caminar\u00e1s solo, trabajamos mano a mano con cada emprendedor y a la medida de sus necesidades!<\/p><p>Esto es lo que nos distingue en el mercado: el toque humano, la conexi\u00f3n personal y el compromiso con el \u00e9xito de cada e-residente emprendedor, independientemente de en qu\u00e9 parte del mundo se encuentre.<\/p>\t\t\t\t\t\t\t\t<\/div>\n\t\t\t\t\t<\/div>\n\t\t<\/div>\n\t\t\t\t\t<\/div>\n\t\t<\/section>\n\t\t\t\t<section class=\"elementor-section elementor-top-section elementor-element elementor-element-3ae65fe3 elementor-hidden-desktop elementor-hidden-tablet elementor-hidden-mobile elementor-section-boxed elementor-section-height-default elementor-section-height-default\" data-id=\"3ae65fe3\" data-element_type=\"section\" data-e-type=\"section\" data-settings=\"{&quot;background_background&quot;:&quot;classic&quot;}\">\n\t\t\t\t\t\t<div class=\"elementor-container elementor-column-gap-default\">\n\t\t\t\t\t<div class=\"elementor-column elementor-col-33 elementor-top-column elementor-element elementor-element-5b26fbbc\" data-id=\"5b26fbbc\" data-element_type=\"column\" data-e-type=\"column\" data-settings=\"{&quot;background_background&quot;:&quot;classic&quot;}\">\n\t\t\t<div class=\"elementor-widget-wrap elementor-element-populated\">\n\t\t\t\t\t\t<div class=\"elementor-element elementor-element-bc2aaa0 elementor-widget elementor-widget-image\" data-id=\"bc2aaa0\" data-element_type=\"widget\" data-e-type=\"widget\" data-widget_type=\"image.default\">\n\t\t\t\t\t\t\t\t\t\t\t\t\t\t\t<img fetchpriority=\"high\" decoding=\"async\" width=\"500\" height=\"494\" src=\"https:\/\/estx.io\/wp-content\/uploads\/2022\/11\/estx6.png\" class=\"attachment-large size-large wp-image-19037\" alt=\"\" srcset=\"https:\/\/estx.io\/wp-content\/uploads\/2022\/11\/estx6.png 500w, https:\/\/estx.io\/wp-content\/uploads\/2022\/11\/estx6-100x100.png 100w, https:\/\/estx.io\/wp-content\/uploads\/2022\/11\/estx6-300x296.png 300w\" sizes=\"(max-width: 500px) 100vw, 500px\" \/>\t\t\t\t\t\t\t\t\t\t\t\t\t\t\t<\/div>\n\t\t\t\t<div class=\"elementor-element elementor-element-682f4e7 elementor-widget-divider--view-line elementor-widget elementor-widget-divider\" data-id=\"682f4e7\" data-element_type=\"widget\" data-e-type=\"widget\" data-widget_type=\"divider.default\">\n\t\t\t\t\t\t\t<div class=\"elementor-divider\">\n\t\t\t<span class=\"elementor-divider-separator\">\n\t\t\t\t\t\t<\/span>\n\t\t<\/div>\n\t\t\t\t\t\t<\/div>\n\t\t\t\t<div class=\"elementor-element elementor-element-2c2858bb elementor-widget elementor-widget-heading\" data-id=\"2c2858bb\" data-element_type=\"widget\" data-e-type=\"widget\" data-widget_type=\"heading.default\">\n\t\t\t\t\t<h2 class=\"elementor-heading-title elementor-size-default\">Agathe Vega Rahula<\/h2>\t\t\t\t<\/div>\n\t\t\t\t<div class=\"elementor-element elementor-element-511141fd elementor-widget elementor-widget-text-editor\" data-id=\"511141fd\" data-element_type=\"widget\" data-e-type=\"widget\" data-widget_type=\"text-editor.default\">\n\t\t\t\t\t\t\t\t\t<p class=\"p1\">Customer Support<\/p>\n\t\t\t\t\t\t\t\t<\/div>\n\t\t\t\t\t<\/div>\n\t\t<\/div>\n\t\t\t\t<div class=\"elementor-column elementor-col-33 elementor-top-column elementor-element elementor-element-8da92a5\" data-id=\"8da92a5\" data-element_type=\"column\" data-e-type=\"column\" data-settings=\"{&quot;background_background&quot;:&quot;classic&quot;}\">\n\t\t\t<div class=\"elementor-widget-wrap\">\n\t\t\t\t\t\t\t<\/div>\n\t\t<\/div>\n\t\t\t\t<div class=\"elementor-column elementor-col-33 elementor-top-column elementor-element elementor-element-fc23c57\" data-id=\"fc23c57\" data-element_type=\"column\" data-e-type=\"column\" data-settings=\"{&quot;background_background&quot;:&quot;classic&quot;}\">\n\t\t\t<div class=\"elementor-widget-wrap elementor-element-populated\">\n\t\t\t\t\t\t<div class=\"elementor-element elementor-element-15858e5 elementor-widget elementor-widget-image\" data-id=\"15858e5\" data-element_type=\"widget\" data-e-type=\"widget\" data-widget_type=\"image.default\">\n\t\t\t\t\t\t\t\t\t\t\t\t\t\t\t<img decoding=\"async\" width=\"300\" height=\"296\" src=\"https:\/\/estx.io\/wp-content\/uploads\/2022\/11\/estx5-300x296.png\" class=\"attachment-medium size-medium wp-image-19035\" alt=\"\" srcset=\"https:\/\/estx.io\/wp-content\/uploads\/2022\/11\/estx5-300x296.png 300w, https:\/\/estx.io\/wp-content\/uploads\/2022\/11\/estx5-100x100.png 100w, https:\/\/estx.io\/wp-content\/uploads\/2022\/11\/estx5.png 500w\" sizes=\"(max-width: 300px) 100vw, 300px\" \/>\t\t\t\t\t\t\t\t\t\t\t\t\t\t\t<\/div>\n\t\t\t\t<div class=\"elementor-element elementor-element-e844160 elementor-widget-divider--view-line elementor-widget elementor-widget-divider\" data-id=\"e844160\" data-element_type=\"widget\" data-e-type=\"widget\" data-widget_type=\"divider.default\">\n\t\t\t\t\t\t\t<div class=\"elementor-divider\">\n\t\t\t<span class=\"elementor-divider-separator\">\n\t\t\t\t\t\t<\/span>\n\t\t<\/div>\n\t\t\t\t\t\t<\/div>\n\t\t\t\t<div class=\"elementor-element elementor-element-69d5072 elementor-widget elementor-widget-heading\" data-id=\"69d5072\" data-element_type=\"widget\" data-e-type=\"widget\" data-widget_type=\"heading.default\">\n\t\t\t\t\t<h2 class=\"elementor-heading-title elementor-size-default\">Martin Hein<\/h2>\t\t\t\t<\/div>\n\t\t\t\t<div class=\"elementor-element elementor-element-0456470 elementor-widget elementor-widget-text-editor\" data-id=\"0456470\" data-element_type=\"widget\" data-e-type=\"widget\" data-widget_type=\"text-editor.default\">\n\t\t\t\t\t\t\t\t\t<p class=\"p1\">Crypto Accountant<\/p>\n\t\t\t\t\t\t\t\t<\/div>\n\t\t\t\t\t<\/div>\n\t\t<\/div>\n\t\t\t\t\t<\/div>\n\t\t<\/section>\n\t\t\t\t<\/div>\n\t\t","protected":false},"excerpt":{"rendered":"<p>Create Innovative Solutions with estx \u00a1Estx crea y gestiona tu empresa digital en Estonia! \u00a1Estx crea una empresa digital a cada e-Residente de Estonia! estx no es un simple proveedor de servicios, somos tu socio en tu viaje a un futuro digital. Nuestra misi\u00f3n es trabajar con personas reales con proyectos \u00fanicos. \u00a1Con Estx nunca [&hellip;]<\/p>\n","protected":false},"author":2,"featured_media":0,"parent":0,"menu_order":0,"comment_status":"closed","ping_status":"closed","template":"","meta":{"inline_featured_image":false,"footnotes":""},"class_list":["post-25397","page","type-page","status-publish","hentry"],"yoast_head":"<!-- This site is optimized with the Yoast SEO plugin v27.2 - https:\/\/yoast.com\/product\/yoast-seo-wordpress\/ -->\n<title>Qui\u00e9nes Somos - estx, Your e-Residency Services<\/title>\n<meta name=\"description\" content=\"A team that increases the success of your business. Personality, expertise and unwavering dedication - this is estx.\" \/>\n<meta name=\"robots\" content=\"index, follow, max-snippet:-1, max-image-preview:large, max-video-preview:-1\" \/>\n<link rel=\"canonical\" href=\"https:\/\/estx.io\/es\/quienes-somos\/\" \/>\n<meta property=\"og:locale\" content=\"es_ES\" \/>\n<meta property=\"og:type\" content=\"article\" \/>\n<meta property=\"og:title\" content=\"Qui\u00e9nes Somos - estx, Your e-Residency Services\" \/>\n<meta property=\"og:description\" content=\"A team that increases the success of your business. Personality, expertise and unwavering dedication - this is estx.\" \/>\n<meta property=\"og:url\" content=\"https:\/\/estx.io\/es\/quienes-somos\/\" \/>\n<meta property=\"og:site_name\" content=\"estx, Your e-Residency Services\" \/>\n<meta property=\"article:modified_time\" content=\"2024-10-14T12:36:42+00:00\" \/>\n<meta property=\"og:image\" content=\"https:\/\/estx.io\/wp-content\/uploads\/2022\/11\/estx6.png\" \/>\n<meta name=\"twitter:card\" content=\"summary_large_image\" \/>\n<meta name=\"twitter:label1\" content=\"Tiempo de lectura\" \/>\n\t<meta name=\"twitter:data1\" content=\"2 minutos\" \/>\n<script type=\"application\/ld+json\" class=\"yoast-schema-graph\">{\"@context\":\"https:\/\/schema.org\",\"@graph\":[{\"@type\":\"WebPage\",\"@id\":\"https:\/\/estx.io\/es\/quienes-somos\/\",\"url\":\"https:\/\/estx.io\/es\/quienes-somos\/\",\"name\":\"Qui\u00e9nes Somos - estx, Your e-Residency Services\",\"isPartOf\":{\"@id\":\"https:\/\/estx.io\/es\/#website\"},\"primaryImageOfPage\":{\"@id\":\"https:\/\/estx.io\/es\/quienes-somos\/#primaryimage\"},\"image\":{\"@id\":\"https:\/\/estx.io\/es\/quienes-somos\/#primaryimage\"},\"thumbnailUrl\":\"https:\/\/estx.io\/wp-content\/uploads\/2022\/11\/estx6.png\",\"datePublished\":\"2021-04-18T16:05:41+00:00\",\"dateModified\":\"2024-10-14T12:36:42+00:00\",\"description\":\"A team that increases the success of your business. Personality, expertise and unwavering dedication - this is estx.\",\"breadcrumb\":{\"@id\":\"https:\/\/estx.io\/es\/quienes-somos\/#breadcrumb\"},\"inLanguage\":\"es\",\"potentialAction\":[{\"@type\":\"ReadAction\",\"target\":[\"https:\/\/estx.io\/es\/quienes-somos\/\"]}]},{\"@type\":\"ImageObject\",\"inLanguage\":\"es\",\"@id\":\"https:\/\/estx.io\/es\/quienes-somos\/#primaryimage\",\"url\":\"https:\/\/estx.io\/wp-content\/uploads\/2022\/11\/estx6.png\",\"contentUrl\":\"https:\/\/estx.io\/wp-content\/uploads\/2022\/11\/estx6.png\"},{\"@type\":\"BreadcrumbList\",\"@id\":\"https:\/\/estx.io\/es\/quienes-somos\/#breadcrumb\",\"itemListElement\":[{\"@type\":\"ListItem\",\"position\":1,\"name\":\"Home\",\"item\":\"https:\/\/estx.io\/es\/\"},{\"@type\":\"ListItem\",\"position\":2,\"name\":\"Qui\u00e9nes Somos\"}]},{\"@type\":\"WebSite\",\"@id\":\"https:\/\/estx.io\/es\/#website\",\"url\":\"https:\/\/estx.io\/es\/\",\"name\":\"estx, Your e-Residency Services\",\"description\":\"We are your fast and personal e-Residency partner!\",\"publisher\":{\"@id\":\"https:\/\/estx.io\/es\/#organization\"},\"potentialAction\":[{\"@type\":\"SearchAction\",\"target\":{\"@type\":\"EntryPoint\",\"urlTemplate\":\"https:\/\/estx.io\/es\/?s={search_term_string}\"},\"query-input\":{\"@type\":\"PropertyValueSpecification\",\"valueRequired\":true,\"valueName\":\"search_term_string\"}}],\"inLanguage\":\"es\"},{\"@type\":\"Organization\",\"@id\":\"https:\/\/estx.io\/es\/#organization\",\"name\":\"estx, Your e-Residency Services\",\"url\":\"https:\/\/estx.io\/es\/\",\"logo\":{\"@type\":\"ImageObject\",\"inLanguage\":\"es\",\"@id\":\"https:\/\/estx.io\/es\/#\/schema\/logo\/image\/\",\"url\":\"https:\/\/estx.io\/wp-content\/uploads\/2023\/05\/estx_logo_white_CMYK-01.png\",\"contentUrl\":\"https:\/\/estx.io\/wp-content\/uploads\/2023\/05\/estx_logo_white_CMYK-01.png\",\"width\":4088,\"height\":2503,\"caption\":\"estx, Your e-Residency Services\"},\"image\":{\"@id\":\"https:\/\/estx.io\/es\/#\/schema\/logo\/image\/\"}}]}<\/script>\n<!-- \/ Yoast SEO plugin. -->","yoast_head_json":{"title":"Qui\u00e9nes Somos - estx, Your e-Residency Services","description":"A team that increases the success of your business. Personality, expertise and unwavering dedication - this is estx.","robots":{"index":"index","follow":"follow","max-snippet":"max-snippet:-1","max-image-preview":"max-image-preview:large","max-video-preview":"max-video-preview:-1"},"canonical":"https:\/\/estx.io\/es\/quienes-somos\/","og_locale":"es_ES","og_type":"article","og_title":"Qui\u00e9nes Somos - estx, Your e-Residency Services","og_description":"A team that increases the success of your business. Personality, expertise and unwavering dedication - this is estx.","og_url":"https:\/\/estx.io\/es\/quienes-somos\/","og_site_name":"estx, Your e-Residency Services","article_modified_time":"2024-10-14T12:36:42+00:00","og_image":[{"url":"https:\/\/estx.io\/wp-content\/uploads\/2022\/11\/estx6.png","type":"","width":"","height":""}],"twitter_card":"summary_large_image","twitter_misc":{"Tiempo de lectura":"2 minutos"},"schema":{"@context":"https:\/\/schema.org","@graph":[{"@type":"WebPage","@id":"https:\/\/estx.io\/es\/quienes-somos\/","url":"https:\/\/estx.io\/es\/quienes-somos\/","name":"Qui\u00e9nes Somos - estx, Your e-Residency Services","isPartOf":{"@id":"https:\/\/estx.io\/es\/#website"},"primaryImageOfPage":{"@id":"https:\/\/estx.io\/es\/quienes-somos\/#primaryimage"},"image":{"@id":"https:\/\/estx.io\/es\/quienes-somos\/#primaryimage"},"thumbnailUrl":"https:\/\/estx.io\/wp-content\/uploads\/2022\/11\/estx6.png","datePublished":"2021-04-18T16:05:41+00:00","dateModified":"2024-10-14T12:36:42+00:00","description":"A team that increases the success of your business. Personality, expertise and unwavering dedication - this is estx.","breadcrumb":{"@id":"https:\/\/estx.io\/es\/quienes-somos\/#breadcrumb"},"inLanguage":"es","potentialAction":[{"@type":"ReadAction","target":["https:\/\/estx.io\/es\/quienes-somos\/"]}]},{"@type":"ImageObject","inLanguage":"es","@id":"https:\/\/estx.io\/es\/quienes-somos\/#primaryimage","url":"https:\/\/estx.io\/wp-content\/uploads\/2022\/11\/estx6.png","contentUrl":"https:\/\/estx.io\/wp-content\/uploads\/2022\/11\/estx6.png"},{"@type":"BreadcrumbList","@id":"https:\/\/estx.io\/es\/quienes-somos\/#breadcrumb","itemListElement":[{"@type":"ListItem","position":1,"name":"Home","item":"https:\/\/estx.io\/es\/"},{"@type":"ListItem","position":2,"name":"Qui\u00e9nes Somos"}]},{"@type":"WebSite","@id":"https:\/\/estx.io\/es\/#website","url":"https:\/\/estx.io\/es\/","name":"estx, Your e-Residency Services","description":"We are your fast and personal e-Residency partner!","publisher":{"@id":"https:\/\/estx.io\/es\/#organization"},"potentialAction":[{"@type":"SearchAction","target":{"@type":"EntryPoint","urlTemplate":"https:\/\/estx.io\/es\/?s={search_term_string}"},"query-input":{"@type":"PropertyValueSpecification","valueRequired":true,"valueName":"search_term_string"}}],"inLanguage":"es"},{"@type":"Organization","@id":"https:\/\/estx.io\/es\/#organization","name":"estx, Your e-Residency Services","url":"https:\/\/estx.io\/es\/","logo":{"@type":"ImageObject","inLanguage":"es","@id":"https:\/\/estx.io\/es\/#\/schema\/logo\/image\/","url":"https:\/\/estx.io\/wp-content\/uploads\/2023\/05\/estx_logo_white_CMYK-01.png","contentUrl":"https:\/\/estx.io\/wp-content\/uploads\/2023\/05\/estx_logo_white_CMYK-01.png","width":4088,"height":2503,"caption":"estx, Your e-Residency Services"},"image":{"@id":"https:\/\/estx.io\/es\/#\/schema\/logo\/image\/"}}]}},"_links":{"self":[{"href":"https:\/\/estx.io\/es\/wp-json\/wp\/v2\/pages\/25397","targetHints":{"allow":["GET"]}}],"collection":[{"href":"https:\/\/estx.io\/es\/wp-json\/wp\/v2\/pages"}],"about":[{"href":"https:\/\/estx.io\/es\/wp-json\/wp\/v2\/types\/page"}],"author":[{"embeddable":true,"href":"https:\/\/estx.io\/es\/wp-json\/wp\/v2\/users\/2"}],"replies":[{"embeddable":true,"href":"https:\/\/estx.io\/es\/wp-json\/wp\/v2\/comments?post=25397"}],"version-history":[{"count":7,"href":"https:\/\/estx.io\/es\/wp-json\/wp\/v2\/pages\/25397\/revisions"}],"predecessor-version":[{"id":25628,"href":"https:\/\/estx.io\/es\/wp-json\/wp\/v2\/pages\/25397\/revisions\/25628"}],"wp:attachment":[{"href":"https:\/\/estx.io\/es\/wp-json\/wp\/v2\/media?parent=25397"}],"curies":[{"name":"wp","href":"https:\/\/api.w.org\/{rel}","templated":true}]}}