{"id":25439,"date":"2021-04-17T08:47:30","date_gmt":"2021-04-17T08:47:30","guid":{"rendered":"https:\/\/estx.io\/servicios\/"},"modified":"2024-10-14T12:29:41","modified_gmt":"2024-10-14T12:29:41","slug":"servicios","status":"publish","type":"page","link":"https:\/\/estx.io\/es\/servicios\/","title":{"rendered":"Servicios"},"content":{"rendered":"\t\t<div data-elementor-type=\"wp-page\" data-elementor-id=\"25439\" class=\"elementor elementor-25439 elementor-13\" data-elementor-post-type=\"page\">\n\t\t\t\t\t\t<section class=\"elementor-section elementor-top-section elementor-element elementor-element-787e4fc0 elementor-section-height-min-height elementor-section-boxed elementor-section-height-default elementor-section-items-middle\" data-id=\"787e4fc0\" data-element_type=\"section\" data-e-type=\"section\" data-settings=\"{&quot;background_background&quot;:&quot;classic&quot;}\">\n\t\t\t\t\t\t\t<div class=\"elementor-background-overlay\"><\/div>\n\t\t\t\t\t\t\t<div class=\"elementor-container elementor-column-gap-default\">\n\t\t\t\t\t<div class=\"elementor-column elementor-col-100 elementor-top-column elementor-element elementor-element-2ec7bbc\" data-id=\"2ec7bbc\" data-element_type=\"column\" data-e-type=\"column\">\n\t\t\t<div class=\"elementor-widget-wrap elementor-element-populated\">\n\t\t\t\t\t\t<section class=\"elementor-section elementor-inner-section elementor-element elementor-element-393ec7f1 elementor-section-boxed elementor-section-height-default elementor-section-height-default\" data-id=\"393ec7f1\" data-element_type=\"section\" data-e-type=\"section\">\n\t\t\t\t\t\t<div class=\"elementor-container elementor-column-gap-default\">\n\t\t\t\t\t<div class=\"elementor-column elementor-col-100 elementor-inner-column elementor-element elementor-element-14145f39\" data-id=\"14145f39\" data-element_type=\"column\" data-e-type=\"column\">\n\t\t\t<div class=\"elementor-widget-wrap elementor-element-populated\">\n\t\t\t\t\t\t<div class=\"elementor-element elementor-element-19be0582 elementor-hidden-mobile elementor-widget elementor-widget-text-editor\" data-id=\"19be0582\" data-element_type=\"widget\" data-e-type=\"widget\" data-widget_type=\"text-editor.default\">\n\t\t\t\t\t\t\t\t\t<p>Servicios Adicionales Que Agregan Valor A Tu Negocio<\/p>\n\t\t\t\t\t\t\t\t<\/div>\n\t\t\t\t<div class=\"elementor-element elementor-element-b94a053 elementor-hidden-desktop elementor-hidden-tablet elementor-widget elementor-widget-text-editor\" data-id=\"b94a053\" data-element_type=\"widget\" data-e-type=\"widget\" data-widget_type=\"text-editor.default\">\n\t\t\t\t\t\t\t\t\t<p>Servicios Adicionales Que Agregan Valor A Tu Negocio<\/p>\n\t\t\t\t\t\t\t\t<\/div>\n\t\t\t\t\t<\/div>\n\t\t<\/div>\n\t\t\t\t\t<\/div>\n\t\t<\/section>\n\t\t\t\t\t<\/div>\n\t\t<\/div>\n\t\t\t\t\t<\/div>\n\t\t<\/section>\n\t\t\t\t<section class=\"elementor-section elementor-top-section elementor-element elementor-element-8941672 elementor-section-boxed elementor-section-height-default elementor-section-height-default\" data-id=\"8941672\" data-element_type=\"section\" data-e-type=\"section\">\n\t\t\t\t\t\t<div class=\"elementor-container elementor-column-gap-default\">\n\t\t\t\t\t<div class=\"elementor-column elementor-col-100 elementor-top-column elementor-element elementor-element-2415077b\" data-id=\"2415077b\" data-element_type=\"column\" data-e-type=\"column\">\n\t\t\t<div class=\"elementor-widget-wrap elementor-element-populated\">\n\t\t\t\t\t\t<div class=\"elementor-element elementor-element-15a04495 elementor-hidden-mobile elementor-widget elementor-widget-heading\" data-id=\"15a04495\" data-element_type=\"widget\" data-e-type=\"widget\" data-widget_type=\"heading.default\">\n\t\t\t\t\t<h2 class=\"elementor-heading-title elementor-size-default\">Servicios clave para acelerar el \u00e9xito de tu empresa<\/h2>\t\t\t\t<\/div>\n\t\t\t\t<div class=\"elementor-element elementor-element-26cd923 elementor-hidden-desktop elementor-hidden-tablet elementor-widget elementor-widget-heading\" data-id=\"26cd923\" data-element_type=\"widget\" data-e-type=\"widget\" data-widget_type=\"heading.default\">\n\t\t\t\t\t<h2 class=\"elementor-heading-title elementor-size-default\">Servicios clave para acelerar el \u00e9xito de tu empresa<\/h2>\t\t\t\t<\/div>\n\t\t\t\t\t<\/div>\n\t\t<\/div>\n\t\t\t\t\t<\/div>\n\t\t<\/section>\n\t\t\t\t<section class=\"elementor-section elementor-top-section elementor-element elementor-element-43d2602d elementor-section-boxed elementor-section-height-default elementor-section-height-default\" data-id=\"43d2602d\" data-element_type=\"section\" data-e-type=\"section\" id=\"accounting\" data-settings=\"{&quot;background_background&quot;:&quot;classic&quot;}\">\n\t\t\t\t\t\t\t<div class=\"elementor-background-overlay\"><\/div>\n\t\t\t\t\t\t\t<div class=\"elementor-container elementor-column-gap-default\">\n\t\t\t\t\t<div class=\"elementor-column elementor-col-100 elementor-top-column elementor-element elementor-element-e4e1cfd\" data-id=\"e4e1cfd\" data-element_type=\"column\" data-e-type=\"column\">\n\t\t\t<div class=\"elementor-widget-wrap elementor-element-populated\">\n\t\t\t\t\t\t<section class=\"elementor-section elementor-inner-section elementor-element elementor-element-ff4f674 elementor-section-boxed elementor-section-height-default elementor-section-height-default\" data-id=\"ff4f674\" data-element_type=\"section\" data-e-type=\"section\" id=\"companyformation\">\n\t\t\t\t\t\t<div class=\"elementor-container elementor-column-gap-extended\">\n\t\t\t\t\t<div class=\"elementor-column elementor-col-50 elementor-inner-column elementor-element elementor-element-29c63ac\" data-id=\"29c63ac\" data-element_type=\"column\" data-e-type=\"column\">\n\t\t\t<div class=\"elementor-widget-wrap elementor-element-populated\">\n\t\t\t\t\t\t<div class=\"elementor-element elementor-element-bbc22ec elementor-widget elementor-widget-heading\" data-id=\"bbc22ec\" data-element_type=\"widget\" data-e-type=\"widget\" data-widget_type=\"heading.default\">\n\t\t\t\t\t<h2 class=\"elementor-heading-title elementor-size-default\">Constituci\u00f3n de Empresas<\/h2>\t\t\t\t<\/div>\n\t\t\t\t<div class=\"elementor-element elementor-element-5878442 elementor-widget-divider--view-line elementor-widget elementor-widget-divider\" data-id=\"5878442\" data-element_type=\"widget\" data-e-type=\"widget\" data-widget_type=\"divider.default\">\n\t\t\t\t\t\t\t<div class=\"elementor-divider\">\n\t\t\t<span class=\"elementor-divider-separator\">\n\t\t\t\t\t\t<\/span>\n\t\t<\/div>\n\t\t\t\t\t\t<\/div>\n\t\t\t\t<div class=\"elementor-element elementor-element-c74d2e4 elementor-widget__width-initial elementor-widget elementor-widget-text-editor\" data-id=\"c74d2e4\" data-element_type=\"widget\" data-e-type=\"widget\" data-widget_type=\"text-editor.default\">\n\t\t\t\t\t\t\t\t\t<p>Al ser una naci\u00f3n digital, Estonia ofrece oportunidades incomparables tanto a sus ciudadanos como a sus e-residentes para establecer con m\u00ednimo esfuerzo una empresa en cuesti\u00f3n de horas.<\/p>\t\t\t\t\t\t\t\t<\/div>\n\t\t\t\t\t<\/div>\n\t\t<\/div>\n\t\t\t\t<div class=\"elementor-column elementor-col-50 elementor-inner-column elementor-element elementor-element-22209b7\" data-id=\"22209b7\" data-element_type=\"column\" data-e-type=\"column\" data-settings=\"{&quot;background_background&quot;:&quot;classic&quot;}\">\n\t\t\t<div class=\"elementor-widget-wrap elementor-element-populated\">\n\t\t\t\t\t<div class=\"elementor-background-overlay\"><\/div>\n\t\t\t\t\t\t<div class=\"elementor-element elementor-element-91cf1af elementor-widget elementor-widget-text-editor\" data-id=\"91cf1af\" data-element_type=\"widget\" data-e-type=\"widget\" data-widget_type=\"text-editor.default\">\n\t\t\t\t\t\t\t\t\t<p>Establecer una empresa en un pa\u00eds extranjero a menudo puede ser un proceso complejo y que requiere de mucho tiempo. Sin embargo, con nuestros servicios agilizamos el proceso para crearla en horas.<\/p><p>Te sugerimos optar por una sociedad de responsabilidad limitada (O\u00dc) como estructura empresarial ideal, que requiere un capital social m\u00ednimo de tan solo 0,01 euros. Una Sociedad de Responsabilidad Limitada es el equivalente a una S.L. en Espa\u00f1a, una forma empresarial ampliamente reconocida y favorable, especialmente adecuada para las peque\u00f1as empresas.<\/p><p>Si tienes una idea de negocio y est\u00e1s considerando crear tu propia empresa, pero no est\u00e1s seguro de los detalles del proceso de registro, nuestra representante de \u00c9xito del Cliente, Carmen Sophia Cadenas, te ayudar\u00e1 a resolver todas tus dudas.<\/p>\t\t\t\t\t\t\t\t<\/div>\n\t\t\t\t\t<\/div>\n\t\t<\/div>\n\t\t\t\t\t<\/div>\n\t\t<\/section>\n\t\t\t\t<section class=\"elementor-section elementor-inner-section elementor-element elementor-element-96b48a5 elementor-section-boxed elementor-section-height-default elementor-section-height-default\" data-id=\"96b48a5\" data-element_type=\"section\" data-e-type=\"section\" id=\"legaladdress\">\n\t\t\t\t\t\t<div class=\"elementor-container elementor-column-gap-extended\">\n\t\t\t\t\t<div class=\"elementor-column elementor-col-50 elementor-inner-column elementor-element elementor-element-5857009\" data-id=\"5857009\" data-element_type=\"column\" data-e-type=\"column\">\n\t\t\t<div class=\"elementor-widget-wrap elementor-element-populated\">\n\t\t\t\t\t\t<div class=\"elementor-element elementor-element-46d4db3 elementor-widget elementor-widget-heading\" data-id=\"46d4db3\" data-element_type=\"widget\" data-e-type=\"widget\" data-widget_type=\"heading.default\">\n\t\t\t\t\t<h2 class=\"elementor-heading-title elementor-size-default\">Direcci\u00f3n Legal &amp; Persona De Contacto<\/h2>\t\t\t\t<\/div>\n\t\t\t\t<div class=\"elementor-element elementor-element-e752a04 elementor-widget-divider--view-line elementor-widget elementor-widget-divider\" data-id=\"e752a04\" data-element_type=\"widget\" data-e-type=\"widget\" data-widget_type=\"divider.default\">\n\t\t\t\t\t\t\t<div class=\"elementor-divider\">\n\t\t\t<span class=\"elementor-divider-separator\">\n\t\t\t\t\t\t<\/span>\n\t\t<\/div>\n\t\t\t\t\t\t<\/div>\n\t\t\t\t<div class=\"elementor-element elementor-element-29c5311 elementor-widget__width-initial elementor-widget elementor-widget-text-editor\" data-id=\"29c5311\" data-element_type=\"widget\" data-e-type=\"widget\" data-widget_type=\"text-editor.default\">\n\t\t\t\t\t\t\t\t\t<p>Para las empresas que operan fuera de Estonia, es obligatorio tener un domicilio legal en Estonia y una persona de contacto local designada.<\/p>\n<p style=\"font-weight: 400;\">\n\t\t\t\t\t\t\t\t<\/div>\n\t\t\t\t\t<\/div>\n\t\t<\/div>\n\t\t\t\t<div class=\"elementor-column elementor-col-50 elementor-inner-column elementor-element elementor-element-5edc808\" data-id=\"5edc808\" data-element_type=\"column\" data-e-type=\"column\" data-settings=\"{&quot;background_background&quot;:&quot;classic&quot;}\">\n\t\t\t<div class=\"elementor-widget-wrap elementor-element-populated\">\n\t\t\t\t\t<div class=\"elementor-background-overlay\"><\/div>\n\t\t\t\t\t\t<div class=\"elementor-element elementor-element-60e93e5 elementor-widget elementor-widget-text-editor\" data-id=\"60e93e5\" data-element_type=\"widget\" data-e-type=\"widget\" data-widget_type=\"text-editor.default\">\n\t\t\t\t\t\t\t\t\t<p>Al establecer tu empresa, te proporcionaremos una direcci\u00f3n legal en Estonia, que podr\u00e1s utilizar para comunicaciones oficiales y recibir documentaci\u00f3n legal.<\/p>\n<p>Adem\u00e1s, como tu persona de contacto designada, actuamos como representante de tu empresa estonia ante todas las instituciones estatales, garantizando que todas tus consultas y solicitudes se resuelvan con prontitud. Siempre estamos listos para ayudarte a encontrar soluciones efectivas a los requerimientos de tu negocio.  <\/p>\n\t\t\t\t\t\t\t\t<\/div>\n\t\t\t\t\t<\/div>\n\t\t<\/div>\n\t\t\t\t\t<\/div>\n\t\t<\/section>\n\t\t\t\t<section class=\"elementor-section elementor-inner-section elementor-element elementor-element-4ae20f9 elementor-section-boxed elementor-section-height-default elementor-section-height-default\" data-id=\"4ae20f9\" data-element_type=\"section\" data-e-type=\"section\" id=\"service\">\n\t\t\t\t\t\t<div class=\"elementor-container elementor-column-gap-extended\">\n\t\t\t\t\t<div class=\"elementor-column elementor-col-50 elementor-inner-column elementor-element elementor-element-44110c1\" data-id=\"44110c1\" data-element_type=\"column\" data-e-type=\"column\">\n\t\t\t<div class=\"elementor-widget-wrap elementor-element-populated\">\n\t\t\t\t\t\t<div class=\"elementor-element elementor-element-e5c3b50 elementor-widget elementor-widget-heading\" data-id=\"e5c3b50\" data-element_type=\"widget\" data-e-type=\"widget\" data-widget_type=\"heading.default\">\n\t\t\t\t\t<h2 class=\"elementor-heading-title elementor-size-default\">Contabilidad<\/h2>\t\t\t\t<\/div>\n\t\t\t\t<div class=\"elementor-element elementor-element-cce8f41 elementor-widget-divider--view-line elementor-widget elementor-widget-divider\" data-id=\"cce8f41\" data-element_type=\"widget\" data-e-type=\"widget\" data-widget_type=\"divider.default\">\n\t\t\t\t\t\t\t<div class=\"elementor-divider\">\n\t\t\t<span class=\"elementor-divider-separator\">\n\t\t\t\t\t\t<\/span>\n\t\t<\/div>\n\t\t\t\t\t\t<\/div>\n\t\t\t\t<div class=\"elementor-element elementor-element-30794e3 elementor-widget__width-initial elementor-widget elementor-widget-text-editor\" data-id=\"30794e3\" data-element_type=\"widget\" data-e-type=\"widget\" data-widget_type=\"text-editor.default\">\n\t\t\t\t\t\t\t\t\t<p>La contabilidad y la administraci\u00f3n juegan un papel vital en el \u00e9xito de una empresa. Como emprendedor, dirigir una empresa implica gestionar una amplia gama de actividades que requieren de tu tiempo, energ\u00eda y concentraci\u00f3n. <\/p>\n\t\t\t\t\t\t\t\t<\/div>\n\t\t\t\t\t<\/div>\n\t\t<\/div>\n\t\t\t\t<div class=\"elementor-column elementor-col-50 elementor-inner-column elementor-element elementor-element-e95c051\" data-id=\"e95c051\" data-element_type=\"column\" data-e-type=\"column\" data-settings=\"{&quot;background_background&quot;:&quot;classic&quot;}\">\n\t\t\t<div class=\"elementor-widget-wrap elementor-element-populated\">\n\t\t\t\t\t<div class=\"elementor-background-overlay\"><\/div>\n\t\t\t\t\t\t<div class=\"elementor-element elementor-element-3749d98 elementor-widget elementor-widget-text-editor\" data-id=\"3749d98\" data-element_type=\"widget\" data-e-type=\"widget\" data-widget_type=\"text-editor.default\">\n\t\t\t\t\t\t\t\t\t<p>Nuestros servicios de contabilidad cubren los requerimientos de empresas con operaciones internacionales que buscan apoyarse en el conocimiento experto de un equipo contable con amplia experiencia tanto en contabilidad tradicional como la relacionada con las criptomonedas, todo esto sin necesidad de contratar a un especialista a tiempo completo.<\/p><p>En base a los documentos que nos proporciones, nuestros contables se encargan de cumplir con las obligaciones fiscales de tu empresa cada mes, como preparar y presentar declaraciones de impuestos, generar informes anuales (obligatorios), administrar la n\u00f3mina de personal mensual y proporcionar balances como estados de p\u00e9rdidas y ganancias para tu empresa. Adem\u00e1s, te ayudar\u00e1n a registrarte como contribuyente del IVA (obligatorio si el volumen de negocios supera los 40.000 \u20ac) y emplear los sistemas VIES, OSS y ROI para agilizar la gesti\u00f3n de tu negocio.<\/p>\t\t\t\t\t\t\t\t<\/div>\n\t\t\t\t\t<\/div>\n\t\t<\/div>\n\t\t\t\t\t<\/div>\n\t\t<\/section>\n\t\t\t\t<section class=\"elementor-section elementor-inner-section elementor-element elementor-element-357c656 elementor-section-boxed elementor-section-height-default elementor-section-height-default\" data-id=\"357c656\" data-element_type=\"section\" data-e-type=\"section\" id=\"crypto\">\n\t\t\t\t\t\t<div class=\"elementor-container elementor-column-gap-extended\">\n\t\t\t\t\t<div class=\"elementor-column elementor-col-50 elementor-inner-column elementor-element elementor-element-54b2fc3\" data-id=\"54b2fc3\" data-element_type=\"column\" data-e-type=\"column\">\n\t\t\t<div class=\"elementor-widget-wrap elementor-element-populated\">\n\t\t\t\t\t\t<div class=\"elementor-element elementor-element-bf2df14 elementor-widget elementor-widget-heading\" data-id=\"bf2df14\" data-element_type=\"widget\" data-e-type=\"widget\" data-widget_type=\"heading.default\">\n\t\t\t\t\t<h2 class=\"elementor-heading-title elementor-size-default\">Criptomonedas<\/h2>\t\t\t\t<\/div>\n\t\t\t\t<div class=\"elementor-element elementor-element-88c354c elementor-widget-divider--view-line elementor-widget elementor-widget-divider\" data-id=\"88c354c\" data-element_type=\"widget\" data-e-type=\"widget\" data-widget_type=\"divider.default\">\n\t\t\t\t\t\t\t<div class=\"elementor-divider\">\n\t\t\t<span class=\"elementor-divider-separator\">\n\t\t\t\t\t\t<\/span>\n\t\t<\/div>\n\t\t\t\t\t\t<\/div>\n\t\t\t\t<div class=\"elementor-element elementor-element-529506c elementor-widget__width-initial elementor-widget elementor-widget-text-editor\" data-id=\"529506c\" data-element_type=\"widget\" data-e-type=\"widget\" data-widget_type=\"text-editor.default\">\n\t\t\t\t\t\t\t\t\t<p>Estonia se destaca como una de las sociedades m\u00e1s avanzadas a nivel mundial en innovaci\u00f3n y desarrollo digital, y es tambi\u00e9n uno de los pocos pa\u00edses europeos que poseen una licencia dedicada para el intercambio de criptomonedas y para proveedores de monederos electr\u00f3nicos (e-Wallets). Esta licencia ha atra\u00eddo a numerosas empresas l\u00edderes de criptomonedas de todo el mundo a establecer sus operaciones en Estonia. <\/p>\n\t\t\t\t\t\t\t\t<\/div>\n\t\t\t\t\t<\/div>\n\t\t<\/div>\n\t\t\t\t<div class=\"elementor-column elementor-col-50 elementor-inner-column elementor-element elementor-element-6297cf7\" data-id=\"6297cf7\" data-element_type=\"column\" data-e-type=\"column\" data-settings=\"{&quot;background_background&quot;:&quot;classic&quot;}\">\n\t\t\t<div class=\"elementor-widget-wrap elementor-element-populated\">\n\t\t\t\t\t<div class=\"elementor-background-overlay\"><\/div>\n\t\t\t\t\t\t<div class=\"elementor-element elementor-element-ebfee68 elementor-widget elementor-widget-text-editor\" data-id=\"ebfee68\" data-element_type=\"widget\" data-e-type=\"widget\" data-widget_type=\"text-editor.default\">\n\t\t\t\t\t\t\t\t\t<p>La Licencia de Criptomonedas (Licencia de Proveedor de Servicios de Moneda Virtual) incluye el servicio de cambio de moneda virtual y de billetera de moneda virtual. Esto permite a las empresas ofrecer a sus clientes y socios una amplia gama de servicios asociados con transacciones de moneda virtual.<\/p><p>Adem\u00e1s, la pol\u00edtica fiscal favorable del pa\u00eds exime a las criptomonedas de impuestos como el IVA. Con l\u00edmites en el tama\u00f1o de las inversiones en moneda virtual, un marco legal bien definido y bajos costos operativos, este pa\u00eds emerge como el destino ideal para realizar negocios con criptomonedas.<\/p><p>Para garantizar el cumplimiento de las medidas contra el lavado de dinero y la financiaci\u00f3n del terrorismo (procedimientos AML o Anti Money Laundering), las empresas involucradas en el intercambio de criptomonedas por efectivo deben obtener una licencia de un proveedor de servicios de moneda virtual.<\/p>\t\t\t\t\t\t\t\t<\/div>\n\t\t\t\t\t<\/div>\n\t\t<\/div>\n\t\t\t\t\t<\/div>\n\t\t<\/section>\n\t\t\t\t\t<\/div>\n\t\t<\/div>\n\t\t\t\t\t<\/div>\n\t\t<\/section>\n\t\t\t\t<\/div>\n\t\t","protected":false},"excerpt":{"rendered":"<p>Servicios Adicionales Que Agregan Valor A Tu Negocio Servicios Adicionales Que Agregan Valor A Tu Negocio Servicios clave para acelerar el \u00e9xito de tu empresa Servicios clave para acelerar el \u00e9xito de tu empresa Constituci\u00f3n de Empresas Al ser una naci\u00f3n digital, Estonia ofrece oportunidades incomparables tanto a sus ciudadanos como a sus e-residentes para [&hellip;]<\/p>\n","protected":false},"author":2,"featured_media":0,"parent":0,"menu_order":0,"comment_status":"closed","ping_status":"closed","template":"","meta":{"inline_featured_image":false,"footnotes":""},"class_list":["post-25439","page","type-page","status-publish","hentry"],"yoast_head":"<!-- This site is optimized with the Yoast SEO plugin v27.2 - https:\/\/yoast.com\/product\/yoast-seo-wordpress\/ -->\n<title>Servicios - estx, Your e-Residency Services<\/title>\n<meta name=\"description\" content=\"Discover estx for legal paperwork, proficient accounting, and cryptocurrency solutions. Unlock Estonia&#039;s digital advantages.\" \/>\n<meta name=\"robots\" content=\"index, follow, max-snippet:-1, max-image-preview:large, max-video-preview:-1\" \/>\n<link rel=\"canonical\" href=\"https:\/\/estx.io\/es\/servicios\/\" \/>\n<meta property=\"og:locale\" content=\"es_ES\" \/>\n<meta property=\"og:type\" content=\"article\" \/>\n<meta property=\"og:title\" content=\"Servicios - estx, Your e-Residency Services\" \/>\n<meta property=\"og:description\" content=\"Discover estx for legal paperwork, proficient accounting, and cryptocurrency solutions. Unlock Estonia&#039;s digital advantages.\" \/>\n<meta property=\"og:url\" content=\"https:\/\/estx.io\/es\/servicios\/\" \/>\n<meta property=\"og:site_name\" content=\"estx, Your e-Residency Services\" \/>\n<meta property=\"article:modified_time\" content=\"2024-10-14T12:29:41+00:00\" \/>\n<meta name=\"twitter:card\" content=\"summary_large_image\" \/>\n<meta name=\"twitter:label1\" content=\"Tiempo de lectura\" \/>\n\t<meta name=\"twitter:data1\" content=\"4 minutos\" \/>\n<script type=\"application\/ld+json\" class=\"yoast-schema-graph\">{\"@context\":\"https:\/\/schema.org\",\"@graph\":[{\"@type\":\"WebPage\",\"@id\":\"https:\/\/estx.io\/es\/servicios\/\",\"url\":\"https:\/\/estx.io\/es\/servicios\/\",\"name\":\"Servicios - estx, Your e-Residency Services\",\"isPartOf\":{\"@id\":\"https:\/\/estx.io\/es\/#website\"},\"datePublished\":\"2021-04-17T08:47:30+00:00\",\"dateModified\":\"2024-10-14T12:29:41+00:00\",\"description\":\"Discover estx for legal paperwork, proficient accounting, and cryptocurrency solutions. Unlock Estonia's digital advantages.\",\"breadcrumb\":{\"@id\":\"https:\/\/estx.io\/es\/servicios\/#breadcrumb\"},\"inLanguage\":\"es\",\"potentialAction\":[{\"@type\":\"ReadAction\",\"target\":[\"https:\/\/estx.io\/es\/servicios\/\"]}]},{\"@type\":\"BreadcrumbList\",\"@id\":\"https:\/\/estx.io\/es\/servicios\/#breadcrumb\",\"itemListElement\":[{\"@type\":\"ListItem\",\"position\":1,\"name\":\"Home\",\"item\":\"https:\/\/estx.io\/es\/\"},{\"@type\":\"ListItem\",\"position\":2,\"name\":\"Servicios\"}]},{\"@type\":\"WebSite\",\"@id\":\"https:\/\/estx.io\/es\/#website\",\"url\":\"https:\/\/estx.io\/es\/\",\"name\":\"estx, Your e-Residency Services\",\"description\":\"We are your fast and personal e-Residency partner!\",\"publisher\":{\"@id\":\"https:\/\/estx.io\/es\/#organization\"},\"potentialAction\":[{\"@type\":\"SearchAction\",\"target\":{\"@type\":\"EntryPoint\",\"urlTemplate\":\"https:\/\/estx.io\/es\/?s={search_term_string}\"},\"query-input\":{\"@type\":\"PropertyValueSpecification\",\"valueRequired\":true,\"valueName\":\"search_term_string\"}}],\"inLanguage\":\"es\"},{\"@type\":\"Organization\",\"@id\":\"https:\/\/estx.io\/es\/#organization\",\"name\":\"estx, Your e-Residency Services\",\"url\":\"https:\/\/estx.io\/es\/\",\"logo\":{\"@type\":\"ImageObject\",\"inLanguage\":\"es\",\"@id\":\"https:\/\/estx.io\/es\/#\/schema\/logo\/image\/\",\"url\":\"https:\/\/estx.io\/wp-content\/uploads\/2023\/05\/estx_logo_white_CMYK-01.png\",\"contentUrl\":\"https:\/\/estx.io\/wp-content\/uploads\/2023\/05\/estx_logo_white_CMYK-01.png\",\"width\":4088,\"height\":2503,\"caption\":\"estx, Your e-Residency Services\"},\"image\":{\"@id\":\"https:\/\/estx.io\/es\/#\/schema\/logo\/image\/\"}}]}<\/script>\n<!-- \/ Yoast SEO plugin. -->","yoast_head_json":{"title":"Servicios - estx, Your e-Residency Services","description":"Discover estx for legal paperwork, proficient accounting, and cryptocurrency solutions. Unlock Estonia's digital advantages.","robots":{"index":"index","follow":"follow","max-snippet":"max-snippet:-1","max-image-preview":"max-image-preview:large","max-video-preview":"max-video-preview:-1"},"canonical":"https:\/\/estx.io\/es\/servicios\/","og_locale":"es_ES","og_type":"article","og_title":"Servicios - estx, Your e-Residency Services","og_description":"Discover estx for legal paperwork, proficient accounting, and cryptocurrency solutions. Unlock Estonia's digital advantages.","og_url":"https:\/\/estx.io\/es\/servicios\/","og_site_name":"estx, Your e-Residency Services","article_modified_time":"2024-10-14T12:29:41+00:00","twitter_card":"summary_large_image","twitter_misc":{"Tiempo de lectura":"4 minutos"},"schema":{"@context":"https:\/\/schema.org","@graph":[{"@type":"WebPage","@id":"https:\/\/estx.io\/es\/servicios\/","url":"https:\/\/estx.io\/es\/servicios\/","name":"Servicios - estx, Your e-Residency Services","isPartOf":{"@id":"https:\/\/estx.io\/es\/#website"},"datePublished":"2021-04-17T08:47:30+00:00","dateModified":"2024-10-14T12:29:41+00:00","description":"Discover estx for legal paperwork, proficient accounting, and cryptocurrency solutions. Unlock Estonia's digital advantages.","breadcrumb":{"@id":"https:\/\/estx.io\/es\/servicios\/#breadcrumb"},"inLanguage":"es","potentialAction":[{"@type":"ReadAction","target":["https:\/\/estx.io\/es\/servicios\/"]}]},{"@type":"BreadcrumbList","@id":"https:\/\/estx.io\/es\/servicios\/#breadcrumb","itemListElement":[{"@type":"ListItem","position":1,"name":"Home","item":"https:\/\/estx.io\/es\/"},{"@type":"ListItem","position":2,"name":"Servicios"}]},{"@type":"WebSite","@id":"https:\/\/estx.io\/es\/#website","url":"https:\/\/estx.io\/es\/","name":"estx, Your e-Residency Services","description":"We are your fast and personal e-Residency partner!","publisher":{"@id":"https:\/\/estx.io\/es\/#organization"},"potentialAction":[{"@type":"SearchAction","target":{"@type":"EntryPoint","urlTemplate":"https:\/\/estx.io\/es\/?s={search_term_string}"},"query-input":{"@type":"PropertyValueSpecification","valueRequired":true,"valueName":"search_term_string"}}],"inLanguage":"es"},{"@type":"Organization","@id":"https:\/\/estx.io\/es\/#organization","name":"estx, Your e-Residency Services","url":"https:\/\/estx.io\/es\/","logo":{"@type":"ImageObject","inLanguage":"es","@id":"https:\/\/estx.io\/es\/#\/schema\/logo\/image\/","url":"https:\/\/estx.io\/wp-content\/uploads\/2023\/05\/estx_logo_white_CMYK-01.png","contentUrl":"https:\/\/estx.io\/wp-content\/uploads\/2023\/05\/estx_logo_white_CMYK-01.png","width":4088,"height":2503,"caption":"estx, Your e-Residency Services"},"image":{"@id":"https:\/\/estx.io\/es\/#\/schema\/logo\/image\/"}}]}},"_links":{"self":[{"href":"https:\/\/estx.io\/es\/wp-json\/wp\/v2\/pages\/25439","targetHints":{"allow":["GET"]}}],"collection":[{"href":"https:\/\/estx.io\/es\/wp-json\/wp\/v2\/pages"}],"about":[{"href":"https:\/\/estx.io\/es\/wp-json\/wp\/v2\/types\/page"}],"author":[{"embeddable":true,"href":"https:\/\/estx.io\/es\/wp-json\/wp\/v2\/users\/2"}],"replies":[{"embeddable":true,"href":"https:\/\/estx.io\/es\/wp-json\/wp\/v2\/comments?post=25439"}],"version-history":[{"count":7,"href":"https:\/\/estx.io\/es\/wp-json\/wp\/v2\/pages\/25439\/revisions"}],"predecessor-version":[{"id":25618,"href":"https:\/\/estx.io\/es\/wp-json\/wp\/v2\/pages\/25439\/revisions\/25618"}],"wp:attachment":[{"href":"https:\/\/estx.io\/es\/wp-json\/wp\/v2\/media?parent=25439"}],"curies":[{"name":"wp","href":"https:\/\/api.w.org\/{rel}","templated":true}]}}