{"id":25455,"date":"2021-04-17T08:48:04","date_gmt":"2021-04-17T08:48:04","guid":{"rendered":"https:\/\/estx.io\/digital-news\/"},"modified":"2025-04-28T11:16:57","modified_gmt":"2025-04-28T11:16:57","slug":"eventos-y-noticias","status":"publish","type":"page","link":"https:\/\/estx.io\/es\/eventos-y-noticias\/","title":{"rendered":"Eventos y Noticias"},"content":{"rendered":"\t\t<div data-elementor-type=\"wp-page\" data-elementor-id=\"25455\" class=\"elementor elementor-25455 elementor-17\" data-elementor-post-type=\"page\">\n\t\t\t\t\t\t<section class=\"elementor-section elementor-top-section elementor-element elementor-element-9da2e20 elementor-section-height-min-height elementor-section-boxed elementor-section-height-default elementor-section-items-middle\" data-id=\"9da2e20\" data-element_type=\"section\" data-e-type=\"section\" data-settings=\"{&quot;background_background&quot;:&quot;classic&quot;}\">\n\t\t\t\t\t\t\t<div class=\"elementor-background-overlay\"><\/div>\n\t\t\t\t\t\t\t<div class=\"elementor-container elementor-column-gap-default\">\n\t\t\t\t\t<div class=\"elementor-column elementor-col-100 elementor-top-column elementor-element elementor-element-3eb11656\" data-id=\"3eb11656\" data-element_type=\"column\" data-e-type=\"column\">\n\t\t\t<div class=\"elementor-widget-wrap elementor-element-populated\">\n\t\t\t\t\t\t<section class=\"elementor-section elementor-inner-section elementor-element elementor-element-78246045 elementor-section-boxed elementor-section-height-default elementor-section-height-default\" data-id=\"78246045\" data-element_type=\"section\" data-e-type=\"section\">\n\t\t\t\t\t\t<div class=\"elementor-container elementor-column-gap-default\">\n\t\t\t\t\t<div class=\"elementor-column elementor-col-100 elementor-inner-column elementor-element elementor-element-33473c88\" data-id=\"33473c88\" data-element_type=\"column\" data-e-type=\"column\">\n\t\t\t<div class=\"elementor-widget-wrap elementor-element-populated\">\n\t\t\t\t\t\t<div class=\"elementor-element elementor-element-12f42ffd elementor-hidden-mobile elementor-widget elementor-widget-text-editor\" data-id=\"12f42ffd\" data-element_type=\"widget\" data-e-type=\"widget\" data-widget_type=\"text-editor.default\">\n\t\t\t\t\t\t\t\t\t<p>Descubre qu\u00e9 hay de nuevo con estx<\/p>\t\t\t\t\t\t\t\t<\/div>\n\t\t\t\t<div class=\"elementor-element elementor-element-9272a84 elementor-hidden-desktop elementor-hidden-tablet elementor-widget elementor-widget-text-editor\" data-id=\"9272a84\" data-element_type=\"widget\" data-e-type=\"widget\" data-widget_type=\"text-editor.default\">\n\t\t\t\t\t\t\t\t\t<p>Descubre qu\u00e9 hay de nuevo con estx<\/p>\t\t\t\t\t\t\t\t<\/div>\n\t\t\t\t\t<\/div>\n\t\t<\/div>\n\t\t\t\t\t<\/div>\n\t\t<\/section>\n\t\t\t\t\t<\/div>\n\t\t<\/div>\n\t\t\t\t\t<\/div>\n\t\t<\/section>\n\t\t\t\t<section class=\"elementor-section elementor-top-section elementor-element elementor-element-ae25175 elementor-section-boxed elementor-section-height-default elementor-section-height-default\" data-id=\"ae25175\" data-element_type=\"section\" data-e-type=\"section\">\n\t\t\t\t\t\t<div class=\"elementor-container elementor-column-gap-default\">\n\t\t\t\t\t<div class=\"elementor-column elementor-col-50 elementor-top-column elementor-element elementor-element-a0a8df8\" data-id=\"a0a8df8\" data-element_type=\"column\" data-e-type=\"column\">\n\t\t\t<div class=\"elementor-widget-wrap elementor-element-populated\">\n\t\t\t\t\t\t<div class=\"elementor-element elementor-element-e7840a0 elementor-hidden-mobile elementor-widget elementor-widget-text-editor\" data-id=\"e7840a0\" data-element_type=\"widget\" data-e-type=\"widget\" data-widget_type=\"text-editor.default\">\n\t\t\t\t\t\t\t\t\t<p>Explora las oportunidades que ofrece la e-Residency: Asiste a nuestros eventos y sum\u00e9rgete en el mundo de los negocios digitales.<\/p>\t\t\t\t\t\t\t\t<\/div>\n\t\t\t\t<div class=\"elementor-element elementor-element-ac9971a elementor-align-center elementor-widget elementor-widget-button\" data-id=\"ac9971a\" data-element_type=\"widget\" data-e-type=\"widget\" data-widget_type=\"button.default\">\n\t\t\t\t\t\t\t\t\t\t<a class=\"elementor-button elementor-button-link elementor-size-sm\" href=\"https:\/\/estx.io\/es\/eventos-y-noticias-eventos\/\">\n\t\t\t\t\t\t<span class=\"elementor-button-content-wrapper\">\n\t\t\t\t\t\t\t\t\t<span class=\"elementor-button-text\">Eventos<\/span>\n\t\t\t\t\t<\/span>\n\t\t\t\t\t<\/a>\n\t\t\t\t\t\t\t\t<\/div>\n\t\t\t\t\t<\/div>\n\t\t<\/div>\n\t\t\t\t<div class=\"elementor-column elementor-col-50 elementor-top-column elementor-element elementor-element-cf17e19\" data-id=\"cf17e19\" data-element_type=\"column\" data-e-type=\"column\">\n\t\t\t<div class=\"elementor-widget-wrap elementor-element-populated\">\n\t\t\t\t\t\t<div class=\"elementor-element elementor-element-37e087f elementor-hidden-mobile elementor-widget elementor-widget-text-editor\" data-id=\"37e087f\" data-element_type=\"widget\" data-e-type=\"widget\" data-widget_type=\"text-editor.default\">\n\t\t\t\t\t\t\t\t\t<p>Insp\u00edrate con las historias de \u00e9xito de otros e-residentes estonios, adquiere valiosos conocimientos empresariales y descubre interesantes oportunidades en el mundo de los negocios.<\/p>\t\t\t\t\t\t\t\t<\/div>\n\t\t\t\t<div class=\"elementor-element elementor-element-620c1fb elementor-align-center elementor-widget elementor-widget-button\" data-id=\"620c1fb\" data-element_type=\"widget\" data-e-type=\"widget\" data-widget_type=\"button.default\">\n\t\t\t\t\t\t\t\t\t\t<a class=\"elementor-button elementor-button-link elementor-size-sm\" href=\"https:\/\/estx.io\/es\/eventos-y-noticias-blog\/\">\n\t\t\t\t\t\t<span class=\"elementor-button-content-wrapper\">\n\t\t\t\t\t\t\t\t\t<span class=\"elementor-button-text\">Blog<\/span>\n\t\t\t\t\t<\/span>\n\t\t\t\t\t<\/a>\n\t\t\t\t\t\t\t\t<\/div>\n\t\t\t\t\t<\/div>\n\t\t<\/div>\n\t\t\t\t\t<\/div>\n\t\t<\/section>\n\t\t\t\t<\/div>\n\t\t","protected":false},"excerpt":{"rendered":"<p>Descubre qu\u00e9 hay de nuevo con estx Descubre qu\u00e9 hay de nuevo con estx Explora las oportunidades que ofrece la e-Residency: Asiste a nuestros eventos y sum\u00e9rgete en el mundo de los negocios digitales. Eventos Insp\u00edrate con las historias de \u00e9xito de otros e-residentes estonios, adquiere valiosos conocimientos empresariales y descubre interesantes oportunidades en el [&hellip;]<\/p>\n","protected":false},"author":2,"featured_media":25460,"parent":0,"menu_order":0,"comment_status":"closed","ping_status":"closed","template":"","meta":{"inline_featured_image":false,"footnotes":""},"class_list":["post-25455","page","type-page","status-publish","has-post-thumbnail","hentry"],"yoast_head":"<!-- This site is optimized with the Yoast SEO plugin v27.2 - https:\/\/yoast.com\/product\/yoast-seo-wordpress\/ -->\n<title>Eventos y Noticias - estx, Your e-Residency Services<\/title>\n<meta name=\"description\" content=\"Innovation, efficiency and wisdom are part of your journey. Join us to explore new insights and events that await you.\" \/>\n<meta name=\"robots\" content=\"index, follow, max-snippet:-1, max-image-preview:large, max-video-preview:-1\" \/>\n<link rel=\"canonical\" href=\"https:\/\/estx.io\/es\/eventos-y-noticias\/\" \/>\n<meta property=\"og:locale\" content=\"es_ES\" \/>\n<meta property=\"og:type\" content=\"article\" \/>\n<meta property=\"og:title\" content=\"Eventos y Noticias - estx, Your e-Residency Services\" \/>\n<meta property=\"og:description\" content=\"Innovation, efficiency and wisdom are part of your journey. Join us to explore new insights and events that await you.\" \/>\n<meta property=\"og:url\" content=\"https:\/\/estx.io\/es\/eventos-y-noticias\/\" \/>\n<meta property=\"og:site_name\" content=\"estx, Your e-Residency Services\" \/>\n<meta property=\"article:modified_time\" content=\"2025-04-28T11:16:57+00:00\" \/>\n<meta property=\"og:image\" content=\"https:\/\/estx.io\/wp-content\/uploads\/2023\/08\/45913c14-4d8d-4703-b218-84706f4a512e.jpg\" \/>\n\t<meta property=\"og:image:width\" content=\"1024\" \/>\n\t<meta property=\"og:image:height\" content=\"576\" \/>\n\t<meta property=\"og:image:type\" content=\"image\/jpeg\" \/>\n<meta name=\"twitter:card\" content=\"summary_large_image\" \/>\n<meta name=\"twitter:label1\" content=\"Tiempo de lectura\" \/>\n\t<meta name=\"twitter:data1\" content=\"1 minuto\" \/>\n<script type=\"application\/ld+json\" class=\"yoast-schema-graph\">{\"@context\":\"https:\/\/schema.org\",\"@graph\":[{\"@type\":\"WebPage\",\"@id\":\"https:\/\/estx.io\/es\/eventos-y-noticias\/\",\"url\":\"https:\/\/estx.io\/es\/eventos-y-noticias\/\",\"name\":\"Eventos y Noticias - estx, Your e-Residency Services\",\"isPartOf\":{\"@id\":\"https:\/\/estx.io\/es\/#website\"},\"primaryImageOfPage\":{\"@id\":\"https:\/\/estx.io\/es\/eventos-y-noticias\/#primaryimage\"},\"image\":{\"@id\":\"https:\/\/estx.io\/es\/eventos-y-noticias\/#primaryimage\"},\"thumbnailUrl\":\"https:\/\/estx.io\/wp-content\/uploads\/2023\/08\/45913c14-4d8d-4703-b218-84706f4a512e.jpg\",\"datePublished\":\"2021-04-17T08:48:04+00:00\",\"dateModified\":\"2025-04-28T11:16:57+00:00\",\"description\":\"Innovation, efficiency and wisdom are part of your journey. Join us to explore new insights and events that await you.\",\"breadcrumb\":{\"@id\":\"https:\/\/estx.io\/es\/eventos-y-noticias\/#breadcrumb\"},\"inLanguage\":\"es\",\"potentialAction\":[{\"@type\":\"ReadAction\",\"target\":[\"https:\/\/estx.io\/es\/eventos-y-noticias\/\"]}]},{\"@type\":\"ImageObject\",\"inLanguage\":\"es\",\"@id\":\"https:\/\/estx.io\/es\/eventos-y-noticias\/#primaryimage\",\"url\":\"https:\/\/estx.io\/wp-content\/uploads\/2023\/08\/45913c14-4d8d-4703-b218-84706f4a512e.jpg\",\"contentUrl\":\"https:\/\/estx.io\/wp-content\/uploads\/2023\/08\/45913c14-4d8d-4703-b218-84706f4a512e.jpg\",\"width\":1024,\"height\":576},{\"@type\":\"BreadcrumbList\",\"@id\":\"https:\/\/estx.io\/es\/eventos-y-noticias\/#breadcrumb\",\"itemListElement\":[{\"@type\":\"ListItem\",\"position\":1,\"name\":\"Home\",\"item\":\"https:\/\/estx.io\/es\/\"},{\"@type\":\"ListItem\",\"position\":2,\"name\":\"Eventos y Noticias\"}]},{\"@type\":\"WebSite\",\"@id\":\"https:\/\/estx.io\/es\/#website\",\"url\":\"https:\/\/estx.io\/es\/\",\"name\":\"estx, Your e-Residency Services\",\"description\":\"We are your fast and personal e-Residency partner!\",\"publisher\":{\"@id\":\"https:\/\/estx.io\/es\/#organization\"},\"potentialAction\":[{\"@type\":\"SearchAction\",\"target\":{\"@type\":\"EntryPoint\",\"urlTemplate\":\"https:\/\/estx.io\/es\/?s={search_term_string}\"},\"query-input\":{\"@type\":\"PropertyValueSpecification\",\"valueRequired\":true,\"valueName\":\"search_term_string\"}}],\"inLanguage\":\"es\"},{\"@type\":\"Organization\",\"@id\":\"https:\/\/estx.io\/es\/#organization\",\"name\":\"estx, Your e-Residency Services\",\"url\":\"https:\/\/estx.io\/es\/\",\"logo\":{\"@type\":\"ImageObject\",\"inLanguage\":\"es\",\"@id\":\"https:\/\/estx.io\/es\/#\/schema\/logo\/image\/\",\"url\":\"https:\/\/estx.io\/wp-content\/uploads\/2023\/05\/estx_logo_white_CMYK-01.png\",\"contentUrl\":\"https:\/\/estx.io\/wp-content\/uploads\/2023\/05\/estx_logo_white_CMYK-01.png\",\"width\":4088,\"height\":2503,\"caption\":\"estx, Your e-Residency Services\"},\"image\":{\"@id\":\"https:\/\/estx.io\/es\/#\/schema\/logo\/image\/\"}}]}<\/script>\n<!-- \/ Yoast SEO plugin. -->","yoast_head_json":{"title":"Eventos y Noticias - estx, Your e-Residency Services","description":"Innovation, efficiency and wisdom are part of your journey. Join us to explore new insights and events that await you.","robots":{"index":"index","follow":"follow","max-snippet":"max-snippet:-1","max-image-preview":"max-image-preview:large","max-video-preview":"max-video-preview:-1"},"canonical":"https:\/\/estx.io\/es\/eventos-y-noticias\/","og_locale":"es_ES","og_type":"article","og_title":"Eventos y Noticias - estx, Your e-Residency Services","og_description":"Innovation, efficiency and wisdom are part of your journey. Join us to explore new insights and events that await you.","og_url":"https:\/\/estx.io\/es\/eventos-y-noticias\/","og_site_name":"estx, Your e-Residency Services","article_modified_time":"2025-04-28T11:16:57+00:00","og_image":[{"width":1024,"height":576,"url":"https:\/\/estx.io\/wp-content\/uploads\/2023\/08\/45913c14-4d8d-4703-b218-84706f4a512e.jpg","type":"image\/jpeg"}],"twitter_card":"summary_large_image","twitter_misc":{"Tiempo de lectura":"1 minuto"},"schema":{"@context":"https:\/\/schema.org","@graph":[{"@type":"WebPage","@id":"https:\/\/estx.io\/es\/eventos-y-noticias\/","url":"https:\/\/estx.io\/es\/eventos-y-noticias\/","name":"Eventos y Noticias - estx, Your e-Residency Services","isPartOf":{"@id":"https:\/\/estx.io\/es\/#website"},"primaryImageOfPage":{"@id":"https:\/\/estx.io\/es\/eventos-y-noticias\/#primaryimage"},"image":{"@id":"https:\/\/estx.io\/es\/eventos-y-noticias\/#primaryimage"},"thumbnailUrl":"https:\/\/estx.io\/wp-content\/uploads\/2023\/08\/45913c14-4d8d-4703-b218-84706f4a512e.jpg","datePublished":"2021-04-17T08:48:04+00:00","dateModified":"2025-04-28T11:16:57+00:00","description":"Innovation, efficiency and wisdom are part of your journey. Join us to explore new insights and events that await you.","breadcrumb":{"@id":"https:\/\/estx.io\/es\/eventos-y-noticias\/#breadcrumb"},"inLanguage":"es","potentialAction":[{"@type":"ReadAction","target":["https:\/\/estx.io\/es\/eventos-y-noticias\/"]}]},{"@type":"ImageObject","inLanguage":"es","@id":"https:\/\/estx.io\/es\/eventos-y-noticias\/#primaryimage","url":"https:\/\/estx.io\/wp-content\/uploads\/2023\/08\/45913c14-4d8d-4703-b218-84706f4a512e.jpg","contentUrl":"https:\/\/estx.io\/wp-content\/uploads\/2023\/08\/45913c14-4d8d-4703-b218-84706f4a512e.jpg","width":1024,"height":576},{"@type":"BreadcrumbList","@id":"https:\/\/estx.io\/es\/eventos-y-noticias\/#breadcrumb","itemListElement":[{"@type":"ListItem","position":1,"name":"Home","item":"https:\/\/estx.io\/es\/"},{"@type":"ListItem","position":2,"name":"Eventos y Noticias"}]},{"@type":"WebSite","@id":"https:\/\/estx.io\/es\/#website","url":"https:\/\/estx.io\/es\/","name":"estx, Your e-Residency Services","description":"We are your fast and personal e-Residency partner!","publisher":{"@id":"https:\/\/estx.io\/es\/#organization"},"potentialAction":[{"@type":"SearchAction","target":{"@type":"EntryPoint","urlTemplate":"https:\/\/estx.io\/es\/?s={search_term_string}"},"query-input":{"@type":"PropertyValueSpecification","valueRequired":true,"valueName":"search_term_string"}}],"inLanguage":"es"},{"@type":"Organization","@id":"https:\/\/estx.io\/es\/#organization","name":"estx, Your e-Residency Services","url":"https:\/\/estx.io\/es\/","logo":{"@type":"ImageObject","inLanguage":"es","@id":"https:\/\/estx.io\/es\/#\/schema\/logo\/image\/","url":"https:\/\/estx.io\/wp-content\/uploads\/2023\/05\/estx_logo_white_CMYK-01.png","contentUrl":"https:\/\/estx.io\/wp-content\/uploads\/2023\/05\/estx_logo_white_CMYK-01.png","width":4088,"height":2503,"caption":"estx, Your e-Residency Services"},"image":{"@id":"https:\/\/estx.io\/es\/#\/schema\/logo\/image\/"}}]}},"_links":{"self":[{"href":"https:\/\/estx.io\/es\/wp-json\/wp\/v2\/pages\/25455","targetHints":{"allow":["GET"]}}],"collection":[{"href":"https:\/\/estx.io\/es\/wp-json\/wp\/v2\/pages"}],"about":[{"href":"https:\/\/estx.io\/es\/wp-json\/wp\/v2\/types\/page"}],"author":[{"embeddable":true,"href":"https:\/\/estx.io\/es\/wp-json\/wp\/v2\/users\/2"}],"replies":[{"embeddable":true,"href":"https:\/\/estx.io\/es\/wp-json\/wp\/v2\/comments?post=25455"}],"version-history":[{"count":38,"href":"https:\/\/estx.io\/es\/wp-json\/wp\/v2\/pages\/25455\/revisions"}],"predecessor-version":[{"id":26218,"href":"https:\/\/estx.io\/es\/wp-json\/wp\/v2\/pages\/25455\/revisions\/26218"}],"wp:featuredmedia":[{"embeddable":true,"href":"https:\/\/estx.io\/es\/wp-json\/wp\/v2\/media\/25460"}],"wp:attachment":[{"href":"https:\/\/estx.io\/es\/wp-json\/wp\/v2\/media?parent=25455"}],"curies":[{"name":"wp","href":"https:\/\/api.w.org\/{rel}","templated":true}]}}